{"id":4451,"date":"2025-06-26T09:16:40","date_gmt":"2025-06-26T07:16:40","guid":{"rendered":"https:\/\/www.nethexcare.ro\/dichiarazione-di-accessibilita\/"},"modified":"2026-02-09T15:02:29","modified_gmt":"2026-02-09T14:02:29","slug":"dichiarazione-di-accessibilita","status":"publish","type":"page","link":"https:\/\/www.nethexcare.ro\/ro\/dichiarazione-di-accessibilita\/","title":{"rendered":"Declara\u021bie de accesibilitate"},"content":{"rendered":"\n<h2 class=\"wp-block-heading\">Declara\u021bie de accesibilitate a site-ului pentru entit\u0103\u021bi private, conform Articolului 3, alineatul 1 din Legea nr. 4 din 9 ianuarie 2004<\/h2>\n\n\n\n<h3 class=\"wp-block-heading\">Declara\u021bie<\/h3>\n\n\n\n<p><strong>Nethex Care S.p.a.<\/strong> se angajeaz\u0103 s\u0103 fac\u0103 site-ul s\u0103u accesibil, \u00een conformitate cu Legea nr. 4 din 9 ianuarie 2004. Aceast\u0103 declara\u021bie de accesibilitate se aplic\u0103 la: <strong>https:\/\/www.nethexcare.ro\/<\/strong><\/p>\n\n\n\n<h3 class=\"wp-block-heading\">Starea conformit\u0103\u021bii:<\/h3>\n\n\n\n<p>\ud83d\udfe1 Acest site este <strong>par\u021bial conform<\/strong> cu EN 301 549 \u201eCerin\u021be de accesibilitate pentru produsele \u0219i serviciile TIC\u201d, Standardul European \u0219i cu standardul Web Content Accessibility Guidelines versiunea 2.2 AA.<\/p>\n\n\n\n<h3 class=\"wp-block-heading\">Neconformitatea cu reglement\u0103rile de accesibilitate<\/h3>\n\n\n\n<p>Con\u021binutul listat mai jos nu este accesibil din urm\u0103toarele motive, neconform Legii nr. 4 din 9 ianuarie 2004:<\/p>\n\n\n\n<ul class=\"wp-block-list\">\n<li>C.9.1.1.1 &#8211; Nu toate con\u021binuturile non-text prezentate utilizatorului au un echivalent text care s\u0103 serveasc\u0103 acela\u0219i scop.<\/li>\n<li>C.9.1.3.1 &#8211; \u00cen unele cazuri, informa\u021biile, structura sau corela\u021biile transmise prin prezentarea paginilor nu pot fi determinate programatic (sau nu sunt disponibile prin text);<\/li>\n<li>C.9.1.4.1 &#8211; \u00cen unele cazuri, culoarea singur\u0103 a fost folosit\u0103 pentru a identifica un scop sau pentru a distinge o informa\u021bie sau o func\u021bie;<\/li>\n<li>C.9.1.4.3 &#8211; Acolo unde nu este permis, reprezentarea vizual\u0103 a textului \u0219i imaginilor care con\u021bin text nu are \u00eentotdeauna raportul minim de contrast necesar ***;<\/li>\n<li>C.9.1.4.11 &#8211; Pentru unele componente esen\u021biale, chiar \u0219i \u00een st\u0103ri diferite, contrastul de culoare comparativ cu elementele adiacente nu dep\u0103\u0219e\u0219te raportul de 3:1;<\/li>\n<li>C.9.2.1.1 &#8211; Unele func\u021bii nu pot fi activate prin tastatur\u0103 (sau interfa\u021b\u0103 de intrare similar\u0103);<\/li>\n<li>C.9.2.2.2 &#8211; Unele anima\u021bii, elemente intermitente, glisante sau actualiz\u0103ri automate de informa\u021bii \u00eencepute automat, cu o durat\u0103 mai mare de cinci secunde sau prezentate \u00een paralel cu alt con\u021binut, nu au mecanisme de oprire sau ascundere;<\/li>\n<li>C.9.2.4.4 &#8211; Scopul anumitor link-uri nu poate fi determinat prin textul link-ului sau prin textul link-ului \u00eempreun\u0103 cu con\u021binutul adiacent;<\/li>\n<li>C.9.3.3.2 &#8211; \u00cen unele cazuri, nu sunt furnizate etichete sau instruc\u021biuni atunci c\u00e2nd con\u021binutul necesit\u0103 ac\u021biuni de introducere a datelor de c\u0103tre utilizator;<\/li>\n<li>C.9.4.1.2 &#8211; \u00cen unele cazuri, componentele interfe\u021bei utilizator (inclusiv: elemente de modul, link-uri \u0219i componente generate de script), numele, rolul, starea, propriet\u0103\u021bile \u0219i valorile sunt incorecte sau neconfigurate, iar utilizatorul nu este avertizat atunci c\u00e2nd aceste atribute se schimb\u0103;<\/li>\n<\/ul>\n\n\n\n<h3 class=\"wp-block-heading\">Preg\u0103tirea declara\u021biei de accesibilitate<\/h3>\n\n\n\n<p>Aceast\u0103 declara\u021bie a fost redactat\u0103 la data de <strong>22\/10\/2025.<br\/><br\/><\/strong>Evaluarea a fost <strong>efectuat\u0103 de ter\u021bi<\/strong> prin analize obiective \u0219i subiective (vezi Articolul 3, alineatul 1 din Decizia de punere \u00een aplicare a Comisiei (UE) 2018\/1523).<em><br\/><\/em><strong><br\/><\/strong>Declara\u021bia a fost revizuit\u0103 ultima dat\u0103 la <strong>22\/10\/2025<\/strong>, \u00een conformitate cu recomandarea de a revizui periodic (cel pu\u021bin anual) exactitatea declara\u021biilor con\u021binute \u00een aceast\u0103 declara\u021bie de accesibilitate.<\/p>\n\n\n\n<h3 class=\"wp-block-heading\">Feedback \u0219i informa\u021bii de contact<\/h3>\n\n\n\n<p>\u00cen ciuda eforturilor noastre de a permite tuturor s\u0103 adapteze site-ul la nevoile lor, pot exista \u00eenc\u0103 pagini sau sec\u021biuni care nu sunt complet accesibile, care sunt \u00een curs de a deveni accesibile sau care nu dispun de o solu\u021bie tehnologic\u0103 adecvat\u0103 pentru a le face astfel.<\/p>\n\n\n\n<p>Suntem permanent angaja\u021bi \u00een \u00eembun\u0103t\u0103\u021birea accesibilit\u0103\u021bii prin ad\u0103ugarea, actualizarea \u0219i \u00eembun\u0103t\u0103\u021birea op\u021biunilor \u0219i func\u021bionalit\u0103\u021bilor, precum \u0219i prin dezvoltarea \u0219i adoptarea de noi tehnologii. Toate acestea au scopul de a atinge un nivel optim de accesibilitate, urm\u00e2nd progresul tehnologic.<\/p>\n\n\n\n<p>Dac\u0103 dori\u021bi s\u0103 contacta\u021bi proprietarul site-ului, utiliza\u021bi urm\u0103toarea adres\u0103 de e-mail: <a href=\"mailto:direzione.comunicazione@nethex.com\">direzione.comunicazione@nethex.com<\/a><\/p>\n\n\n\n<p>\u00cen prezent suntem \u00een proces de conformitate \u0219i lucr\u0103m pentru ca site-ul s\u0103 fie conform standardelor WCAG de accesibilitate.<\/p>\n\n\n\n<h3 class=\"wp-block-heading\">Modalit\u0103\u021bi de trimitere a sesiz\u0103rilor c\u0103tre AgID<\/h3>\n\n\n\n<p>\u00cen cazul unui r\u0103spuns nesatisf\u0103c\u0103tor sau al lipsei unui r\u0103spuns \u00een termen de treizeci de zile de la notificare sau solicitare, persoana interesat\u0103 poate trimite o sesizare c\u0103tre AgID prin e-mail certificat (PEC) la urm\u0103toarea adres\u0103: <strong><a href=\"mailto:protocollo@pec.agid.gov.it\">protocollo@pec.agid.gov.it<\/a><\/strong><\/p>\n\n\n\n<h3 class=\"wp-block-heading\">Informa\u021bii despre site<\/h3>\n\n\n\n<ol class=\"wp-block-list\">\n<li>Data public\u0103rii: <strong>09\/01\/26<\/strong><\/li>\n<li>Au fost efectuate teste de utilizabilitate: <strong>da<\/strong><\/li>\n<li>CMS folosit pentru site: <strong>WordPress<\/strong><\/li>\n<\/ol>\n","protected":false},"excerpt":{"rendered":"<p>Declara\u021bie de accesibilitate a site-ului pentru entit\u0103\u021bi private, conform Articolului 3, alineatul 1 din Legea nr. 4 din 9 ianuarie 2004 Declara\u021bie Nethex Care S.p.a. se angajeaz\u0103 s\u0103 fac\u0103 site-ul s\u0103u accesibil, \u00een conformitate cu Legea nr. 4 din 9 ianuarie 2004. Aceast\u0103 declara\u021bie de accesibilitate se aplic\u0103 la: https:\/\/www.nethexcare.ro\/ Starea conformit\u0103\u021bii: \ud83d\udfe1 Acest site [&hellip;]<\/p>\n","protected":false},"author":1,"featured_media":0,"parent":0,"menu_order":0,"comment_status":"closed","ping_status":"closed","template":"page.php","meta":{"footnotes":""},"class_list":["post-4451","page","type-page","status-publish","hentry"],"yoast_head":"<!-- This site is optimized with the Yoast SEO plugin v27.1.1 - https:\/\/yoast.com\/product\/yoast-seo-wordpress\/ -->\n<title>Declara\u021bie de accesibilitate - Nethex Care<\/title>\n<meta name=\"robots\" content=\"index, follow, max-snippet:-1, max-image-preview:large, max-video-preview:-1\" \/>\n<link rel=\"canonical\" href=\"https:\/\/www.nethexcare.ro\/ro\/dichiarazione-di-accessibilita\/\" \/>\n<meta property=\"og:locale\" content=\"ro_RO\" \/>\n<meta property=\"og:type\" content=\"article\" \/>\n<meta property=\"og:title\" content=\"Declara\u021bie de accesibilitate - Nethex Care\" \/>\n<meta property=\"og:description\" content=\"Declara\u021bie de accesibilitate a site-ului pentru entit\u0103\u021bi private, conform Articolului 3, alineatul 1 din Legea nr. 4 din 9 ianuarie 2004 Declara\u021bie Nethex Care S.p.a. se angajeaz\u0103 s\u0103 fac\u0103 site-ul s\u0103u accesibil, \u00een conformitate cu Legea nr. 4 din 9 ianuarie 2004. Aceast\u0103 declara\u021bie de accesibilitate se aplic\u0103 la: https:\/\/www.nethexcare.ro\/ Starea conformit\u0103\u021bii: \ud83d\udfe1 Acest site [&hellip;]\" \/>\n<meta property=\"og:url\" content=\"https:\/\/www.nethexcare.ro\/ro\/dichiarazione-di-accessibilita\/\" \/>\n<meta property=\"og:site_name\" content=\"Nethex Care\" \/>\n<meta property=\"article:publisher\" content=\"https:\/\/www.facebook.com\/Nethex-Care-113405408285990\/\" \/>\n<meta property=\"article:modified_time\" content=\"2026-02-09T14:02:29+00:00\" \/>\n<meta name=\"twitter:card\" content=\"summary_large_image\" \/>\n<meta name=\"twitter:label1\" content=\"Timp estimat pentru citire\" \/>\n\t<meta name=\"twitter:data1\" content=\"2 minute\" \/>\n<script type=\"application\/ld+json\" class=\"yoast-schema-graph\">{\"@context\":\"https:\/\/schema.org\",\"@graph\":[{\"@type\":\"WebPage\",\"@id\":\"https:\/\/www.nethexcare.ro\/ro\/dichiarazione-di-accessibilita\/\",\"url\":\"https:\/\/www.nethexcare.ro\/ro\/dichiarazione-di-accessibilita\/\",\"name\":\"Declara\u021bie de accesibilitate - Nethex Care\",\"isPartOf\":{\"@id\":\"https:\/\/www.nethexcare.ro\/#website\"},\"datePublished\":\"2025-06-26T07:16:40+00:00\",\"dateModified\":\"2026-02-09T14:02:29+00:00\",\"breadcrumb\":{\"@id\":\"https:\/\/www.nethexcare.ro\/ro\/dichiarazione-di-accessibilita\/#breadcrumb\"},\"inLanguage\":\"ro-RO\",\"potentialAction\":[{\"@type\":\"ReadAction\",\"target\":[\"https:\/\/www.nethexcare.ro\/ro\/dichiarazione-di-accessibilita\/\"]}]},{\"@type\":\"BreadcrumbList\",\"@id\":\"https:\/\/www.nethexcare.ro\/ro\/dichiarazione-di-accessibilita\/#breadcrumb\",\"itemListElement\":[{\"@type\":\"ListItem\",\"position\":1,\"name\":\"Home\",\"item\":\"https:\/\/www.nethexcare.ro\/ro\/\"},{\"@type\":\"ListItem\",\"position\":2,\"name\":\"Declara\u021bie de accesibilitate\"}]},{\"@type\":\"WebSite\",\"@id\":\"https:\/\/www.nethexcare.ro\/#website\",\"url\":\"https:\/\/www.nethexcare.ro\/\",\"name\":\"Nethex Care\",\"description\":\"\",\"potentialAction\":[{\"@type\":\"SearchAction\",\"target\":{\"@type\":\"EntryPoint\",\"urlTemplate\":\"https:\/\/www.nethexcare.ro\/?s={search_term_string}\"},\"query-input\":{\"@type\":\"PropertyValueSpecification\",\"valueRequired\":true,\"valueName\":\"search_term_string\"}}],\"inLanguage\":\"ro-RO\"}]}<\/script>\n<!-- \/ Yoast SEO plugin. -->","yoast_head_json":{"title":"Declara\u021bie de accesibilitate - Nethex Care","robots":{"index":"index","follow":"follow","max-snippet":"max-snippet:-1","max-image-preview":"max-image-preview:large","max-video-preview":"max-video-preview:-1"},"canonical":"https:\/\/www.nethexcare.ro\/ro\/dichiarazione-di-accessibilita\/","og_locale":"ro_RO","og_type":"article","og_title":"Declara\u021bie de accesibilitate - Nethex Care","og_description":"Declara\u021bie de accesibilitate a site-ului pentru entit\u0103\u021bi private, conform Articolului 3, alineatul 1 din Legea nr. 4 din 9 ianuarie 2004 Declara\u021bie Nethex Care S.p.a. se angajeaz\u0103 s\u0103 fac\u0103 site-ul s\u0103u accesibil, \u00een conformitate cu Legea nr. 4 din 9 ianuarie 2004. Aceast\u0103 declara\u021bie de accesibilitate se aplic\u0103 la: https:\/\/www.nethexcare.ro\/ Starea conformit\u0103\u021bii: \ud83d\udfe1 Acest site [&hellip;]","og_url":"https:\/\/www.nethexcare.ro\/ro\/dichiarazione-di-accessibilita\/","og_site_name":"Nethex Care","article_publisher":"https:\/\/www.facebook.com\/Nethex-Care-113405408285990\/","article_modified_time":"2026-02-09T14:02:29+00:00","twitter_card":"summary_large_image","twitter_misc":{"Timp estimat pentru citire":"2 minute"},"schema":{"@context":"https:\/\/schema.org","@graph":[{"@type":"WebPage","@id":"https:\/\/www.nethexcare.ro\/ro\/dichiarazione-di-accessibilita\/","url":"https:\/\/www.nethexcare.ro\/ro\/dichiarazione-di-accessibilita\/","name":"Declara\u021bie de accesibilitate - Nethex Care","isPartOf":{"@id":"https:\/\/www.nethexcare.ro\/#website"},"datePublished":"2025-06-26T07:16:40+00:00","dateModified":"2026-02-09T14:02:29+00:00","breadcrumb":{"@id":"https:\/\/www.nethexcare.ro\/ro\/dichiarazione-di-accessibilita\/#breadcrumb"},"inLanguage":"ro-RO","potentialAction":[{"@type":"ReadAction","target":["https:\/\/www.nethexcare.ro\/ro\/dichiarazione-di-accessibilita\/"]}]},{"@type":"BreadcrumbList","@id":"https:\/\/www.nethexcare.ro\/ro\/dichiarazione-di-accessibilita\/#breadcrumb","itemListElement":[{"@type":"ListItem","position":1,"name":"Home","item":"https:\/\/www.nethexcare.ro\/ro\/"},{"@type":"ListItem","position":2,"name":"Declara\u021bie de accesibilitate"}]},{"@type":"WebSite","@id":"https:\/\/www.nethexcare.ro\/#website","url":"https:\/\/www.nethexcare.ro\/","name":"Nethex Care","description":"","potentialAction":[{"@type":"SearchAction","target":{"@type":"EntryPoint","urlTemplate":"https:\/\/www.nethexcare.ro\/?s={search_term_string}"},"query-input":{"@type":"PropertyValueSpecification","valueRequired":true,"valueName":"search_term_string"}}],"inLanguage":"ro-RO"}]}},"_links":{"self":[{"href":"https:\/\/www.nethexcare.ro\/ro\/wp-json\/wp\/v2\/pages\/4451","targetHints":{"allow":["GET"]}}],"collection":[{"href":"https:\/\/www.nethexcare.ro\/ro\/wp-json\/wp\/v2\/pages"}],"about":[{"href":"https:\/\/www.nethexcare.ro\/ro\/wp-json\/wp\/v2\/types\/page"}],"author":[{"embeddable":true,"href":"https:\/\/www.nethexcare.ro\/ro\/wp-json\/wp\/v2\/users\/1"}],"replies":[{"embeddable":true,"href":"https:\/\/www.nethexcare.ro\/ro\/wp-json\/wp\/v2\/comments?post=4451"}],"version-history":[{"count":3,"href":"https:\/\/www.nethexcare.ro\/ro\/wp-json\/wp\/v2\/pages\/4451\/revisions"}],"predecessor-version":[{"id":4575,"href":"https:\/\/www.nethexcare.ro\/ro\/wp-json\/wp\/v2\/pages\/4451\/revisions\/4575"}],"wp:attachment":[{"href":"https:\/\/www.nethexcare.ro\/ro\/wp-json\/wp\/v2\/media?parent=4451"}],"curies":[{"name":"wp","href":"https:\/\/api.w.org\/{rel}","templated":true}]}}