{"id":4172,"date":"2024-09-23T12:10:20","date_gmt":"2024-09-23T10:10:20","guid":{"rendered":"http:\/\/dev.nethexcare.local\/leadership\/"},"modified":"2024-12-09T20:36:09","modified_gmt":"2024-12-09T19:36:09","slug":"leadership","status":"publish","type":"page","link":"https:\/\/www.nethexcare.ro\/ro\/leadership\/","title":{"rendered":"Leadership"},"content":{"rendered":"\n<h2 class=\"wp-block-heading has-text-align-center blue mb-4\">Meet the CEO<\/h2>\n\n\n\n<p class=\"has-text-align-center mb-5 fs-20\">Mirko Giannetti, Amministratore delegato di&nbsp;Nethex&nbsp;Care.<\/p>\n\n\n\n<h2 class=\"wp-block-heading has-text-align-center blue my-4\"><em>\u201eRom\u00e2nia este acum un punct de referin\u021b\u0103 pentru dezvoltarea afacerilor de calitate. Ne dorim s\u0103 fie un laborator \u00een care s\u0103 experiment\u0103m tot ceea ce \u00een Italia este dificil de pus \u00een practic\u0103<\/em><\/h2>\n\n\n\n<div class=\"wp-block-buttons is-content-justification-center is-layout-flex wp-container-core-buttons-is-layout-16018d1d wp-block-buttons-is-layout-flex\">\n<div class=\"wp-block-button\"><a class=\"wp-block-button__link wp-element-button\" href=\"https:\/\/www.nethexcare.ro\/ro\/noul-centru-inovator-customer-care-din-nethex-interviul-directorului-general-mirko-giannetti\/\">Citeste&nbsp;interviul<\/a><\/div>\n<\/div>\n","protected":false},"excerpt":{"rendered":"<p>Meet the CEO Mirko Giannetti, Amministratore delegato di&nbsp;Nethex&nbsp;Care. \u201eRom\u00e2nia este acum un punct de referin\u021b\u0103 pentru dezvoltarea afacerilor de calitate. Ne dorim s\u0103 fie un laborator \u00een care s\u0103 experiment\u0103m tot ceea ce \u00een Italia este dificil de pus \u00een practic\u0103<\/p>\n","protected":false},"author":1,"featured_media":0,"parent":0,"menu_order":0,"comment_status":"closed","ping_status":"closed","template":"templates\/page-leadership.php","meta":{"footnotes":""},"class_list":["post-4172","page","type-page","status-publish","hentry"],"yoast_head":"<!-- This site is optimized with the Yoast SEO plugin v27.1.1 - https:\/\/yoast.com\/product\/yoast-seo-wordpress\/ -->\n<title>Leadership - Nethex Care<\/title>\n<meta name=\"robots\" content=\"index, follow, max-snippet:-1, max-image-preview:large, max-video-preview:-1\" \/>\n<link rel=\"canonical\" href=\"https:\/\/www.nethexcare.ro\/ro\/leadership\/\" \/>\n<meta property=\"og:locale\" content=\"ro_RO\" \/>\n<meta property=\"og:type\" content=\"article\" \/>\n<meta property=\"og:title\" content=\"Leadership - Nethex Care\" \/>\n<meta property=\"og:description\" content=\"Meet the CEO Mirko Giannetti, Amministratore delegato di&nbsp;Nethex&nbsp;Care. \u201eRom\u00e2nia este acum un punct de referin\u021b\u0103 pentru dezvoltarea afacerilor de calitate. Ne dorim s\u0103 fie un laborator \u00een care s\u0103 experiment\u0103m tot ceea ce \u00een Italia este dificil de pus \u00een practic\u0103\" \/>\n<meta property=\"og:url\" content=\"https:\/\/www.nethexcare.ro\/ro\/leadership\/\" \/>\n<meta property=\"og:site_name\" content=\"Nethex Care\" \/>\n<meta property=\"article:publisher\" content=\"https:\/\/www.facebook.com\/Nethex-Care-113405408285990\/\" \/>\n<meta property=\"article:modified_time\" content=\"2024-12-09T19:36:09+00:00\" \/>\n<meta name=\"twitter:card\" content=\"summary_large_image\" \/>\n<meta name=\"twitter:label1\" content=\"Timp estimat pentru citire\" \/>\n\t<meta name=\"twitter:data1\" content=\"1 minut\" \/>\n<script type=\"application\/ld+json\" class=\"yoast-schema-graph\">{\"@context\":\"https:\/\/schema.org\",\"@graph\":[{\"@type\":\"WebPage\",\"@id\":\"https:\/\/www.nethexcare.ro\/ro\/leadership\/\",\"url\":\"https:\/\/www.nethexcare.ro\/ro\/leadership\/\",\"name\":\"Leadership - Nethex Care\",\"isPartOf\":{\"@id\":\"https:\/\/www.nethexcare.ro\/#website\"},\"datePublished\":\"2024-09-23T10:10:20+00:00\",\"dateModified\":\"2024-12-09T19:36:09+00:00\",\"breadcrumb\":{\"@id\":\"https:\/\/www.nethexcare.ro\/ro\/leadership\/#breadcrumb\"},\"inLanguage\":\"ro-RO\",\"potentialAction\":[{\"@type\":\"ReadAction\",\"target\":[\"https:\/\/www.nethexcare.ro\/ro\/leadership\/\"]}]},{\"@type\":\"BreadcrumbList\",\"@id\":\"https:\/\/www.nethexcare.ro\/ro\/leadership\/#breadcrumb\",\"itemListElement\":[{\"@type\":\"ListItem\",\"position\":1,\"name\":\"Home\",\"item\":\"https:\/\/www.nethexcare.ro\/ro\/\"},{\"@type\":\"ListItem\",\"position\":2,\"name\":\"Leadership\"}]},{\"@type\":\"WebSite\",\"@id\":\"https:\/\/www.nethexcare.ro\/#website\",\"url\":\"https:\/\/www.nethexcare.ro\/\",\"name\":\"Nethex Care\",\"description\":\"\",\"potentialAction\":[{\"@type\":\"SearchAction\",\"target\":{\"@type\":\"EntryPoint\",\"urlTemplate\":\"https:\/\/www.nethexcare.ro\/?s={search_term_string}\"},\"query-input\":{\"@type\":\"PropertyValueSpecification\",\"valueRequired\":true,\"valueName\":\"search_term_string\"}}],\"inLanguage\":\"ro-RO\"}]}<\/script>\n<!-- \/ Yoast SEO plugin. -->","yoast_head_json":{"title":"Leadership - Nethex Care","robots":{"index":"index","follow":"follow","max-snippet":"max-snippet:-1","max-image-preview":"max-image-preview:large","max-video-preview":"max-video-preview:-1"},"canonical":"https:\/\/www.nethexcare.ro\/ro\/leadership\/","og_locale":"ro_RO","og_type":"article","og_title":"Leadership - Nethex Care","og_description":"Meet the CEO Mirko Giannetti, Amministratore delegato di&nbsp;Nethex&nbsp;Care. \u201eRom\u00e2nia este acum un punct de referin\u021b\u0103 pentru dezvoltarea afacerilor de calitate. Ne dorim s\u0103 fie un laborator \u00een care s\u0103 experiment\u0103m tot ceea ce \u00een Italia este dificil de pus \u00een practic\u0103","og_url":"https:\/\/www.nethexcare.ro\/ro\/leadership\/","og_site_name":"Nethex Care","article_publisher":"https:\/\/www.facebook.com\/Nethex-Care-113405408285990\/","article_modified_time":"2024-12-09T19:36:09+00:00","twitter_card":"summary_large_image","twitter_misc":{"Timp estimat pentru citire":"1 minut"},"schema":{"@context":"https:\/\/schema.org","@graph":[{"@type":"WebPage","@id":"https:\/\/www.nethexcare.ro\/ro\/leadership\/","url":"https:\/\/www.nethexcare.ro\/ro\/leadership\/","name":"Leadership - Nethex Care","isPartOf":{"@id":"https:\/\/www.nethexcare.ro\/#website"},"datePublished":"2024-09-23T10:10:20+00:00","dateModified":"2024-12-09T19:36:09+00:00","breadcrumb":{"@id":"https:\/\/www.nethexcare.ro\/ro\/leadership\/#breadcrumb"},"inLanguage":"ro-RO","potentialAction":[{"@type":"ReadAction","target":["https:\/\/www.nethexcare.ro\/ro\/leadership\/"]}]},{"@type":"BreadcrumbList","@id":"https:\/\/www.nethexcare.ro\/ro\/leadership\/#breadcrumb","itemListElement":[{"@type":"ListItem","position":1,"name":"Home","item":"https:\/\/www.nethexcare.ro\/ro\/"},{"@type":"ListItem","position":2,"name":"Leadership"}]},{"@type":"WebSite","@id":"https:\/\/www.nethexcare.ro\/#website","url":"https:\/\/www.nethexcare.ro\/","name":"Nethex Care","description":"","potentialAction":[{"@type":"SearchAction","target":{"@type":"EntryPoint","urlTemplate":"https:\/\/www.nethexcare.ro\/?s={search_term_string}"},"query-input":{"@type":"PropertyValueSpecification","valueRequired":true,"valueName":"search_term_string"}}],"inLanguage":"ro-RO"}]}},"_links":{"self":[{"href":"https:\/\/www.nethexcare.ro\/ro\/wp-json\/wp\/v2\/pages\/4172","targetHints":{"allow":["GET"]}}],"collection":[{"href":"https:\/\/www.nethexcare.ro\/ro\/wp-json\/wp\/v2\/pages"}],"about":[{"href":"https:\/\/www.nethexcare.ro\/ro\/wp-json\/wp\/v2\/types\/page"}],"author":[{"embeddable":true,"href":"https:\/\/www.nethexcare.ro\/ro\/wp-json\/wp\/v2\/users\/1"}],"replies":[{"embeddable":true,"href":"https:\/\/www.nethexcare.ro\/ro\/wp-json\/wp\/v2\/comments?post=4172"}],"version-history":[{"count":3,"href":"https:\/\/www.nethexcare.ro\/ro\/wp-json\/wp\/v2\/pages\/4172\/revisions"}],"predecessor-version":[{"id":4192,"href":"https:\/\/www.nethexcare.ro\/ro\/wp-json\/wp\/v2\/pages\/4172\/revisions\/4192"}],"wp:attachment":[{"href":"https:\/\/www.nethexcare.ro\/ro\/wp-json\/wp\/v2\/media?parent=4172"}],"curies":[{"name":"wp","href":"https:\/\/api.w.org\/{rel}","templated":true}]}}