{"id":3,"date":"2022-12-27T09:21:16","date_gmt":"2022-12-27T08:21:16","guid":{"rendered":"http:\/\/dev.nethexcare.local\/?page_id=3"},"modified":"2023-04-05T08:47:08","modified_gmt":"2023-04-05T06:47:08","slug":"privacy-policy","status":"publish","type":"page","link":"https:\/\/www.nethexcare.ro\/ro\/privacy-policy\/","title":{"rendered":"Politica de confidentialitate"},"content":{"rendered":"\n<p>Nethex Care S.R.L. (CF \u0219i 47436465), cu sediul \u00een jude\u021bul Bac\u0103u, strada Pictor Theodor Aman, nr. 90\/A, municipiul Bac\u0103u, (\u00een continuare, &#8222;Nethex&#8221; sau &#8222;Operatorul de date&#8221;), \u00een calitate de Operator de date, v\u0103 informeaz\u0103, \u00een conformitate cu prevederile art. 13 din Regulamentul European 2016\/679 (GDPR), cu privire la scopurile \u0219i modalit\u0103\u021bile de prelucrare a datelor cu caracter personal.&nbsp;<\/p>\n\n\n\n<h2 class=\"wp-block-heading\">1. Scopul prelucr\u0103rii<\/h2>\n\n\n\n<p>Ce date sunt utilizate?<\/p>\n\n\n\n<p>Operatorul prelucreaz\u0103:<\/p>\n\n\n\n<p>&#8211; date cu caracter personal, de identificare \u0219i de contact, precum \u0219i orice alte date pe care le furniza\u021bi \u00een mod voluntar (cu titlu de exemplu, dar f\u0103r\u0103 a se limita la: nume, prenume, adres\u0103 de e-mail, num\u0103r de telefon, date cuprinse \u00een CV-ul profesional etc.);<\/p>\n\n\n\n<p>&#8211; datele de navigare dob\u00e2ndite de sistemele informatice \u0219i procedurile software utilizate pentru operarea site-ului web. Acestea sunt informa\u021bii care nu sunt colectate pentru a fi asociate cu persoane interesate identificate, dar care, prin natura lor, ar putea, prin prelucrare \u0219i asociere cu date de\u021binute de ter\u021bi, s\u0103 permit\u0103 identificarea utilizatorilor. Aceast\u0103 categorie de date include, de exemplu, adresele IP sau numele de domeniu ale computerelor utilizate de utilizatorii care se conecteaz\u0103 la site-ul web \u0219i al\u021bi parametri referitoare la sistemul de operare al utilizatorului.<\/p>\n\n\n\n<h2 class=\"wp-block-heading\">2. Scopul prelucr\u0103rii<\/h2>\n\n\n\n<p>\u00cen ce scopuri vor fi prelucrate datele?<\/p>\n\n\n\n<p>Datele dvs. cu caracter personal vor fi prelucrate, \u00een mod legal \u0219i corect, \u00een urm\u0103toarele scopuri:<\/p>\n\n\n\n<p>(a) pentru a v\u0103 re-contacta, pentru a procesa oricare dintre solicit\u0103rile dvs. adresate Operatorului de date (art. 6 lit. b), GDPR);<\/p>\n\n\n\n<p>b) pentru a evalua cererea dumneavoastr\u0103 pentru o posibil\u0103 rela\u021bie de munc\u0103 sau colaborare cu Operatorul, \u00een cazul \u00een care a\u021bi completat formularul dedicat transmiterii cererilor<\/p>\n\n\n\n<p>c) pentru a \u00eendeplini obliga\u021biile legale \u0219i fiscale la care este supus Operatorul (art. 6 lit. c) GDPR);<\/p>\n\n\n\n<p>d) pentru urm\u0103rirea interesului legitim pe care Operatorul l-a identificat ca exist\u00e2nd pe baza balan\u021bei de interese efectuate (art. 6 lit. f) GDPR)<\/p>\n\n\n\n<p>e) \u00een cazul \u00een care este necesar pentru constatarea, exercitarea sau ap\u0103rarea unui drept \u00een instan\u021b\u0103.<\/p>\n\n\n\n<h2 class=\"wp-block-heading\">3. Furnizarea obligatorie sau neobligatorie a datelor<\/h2>\n\n\n\n<p>Este obligatorie furnizarea de date?<\/p>\n\n\n\n<p>Furnizarea datelor este o cerin\u021b\u0103 necesar\u0103 pentru a utiliza serviciile solicitate.<\/p>\n\n\n\n<h2 class=\"wp-block-heading\">4. Metoda de prelucrare<\/h2>\n\n\n\n<p>Cum sunt utilizate datele?<\/p>\n\n\n\n<p>Prelucrarea datelor dvs. cu caracter personal se realizeaz\u0103 prin intermediul opera\u021biunilor indicate la art. 4 n. 2) GDPR \u0219i anume: colectarea, \u00eenregistrarea, organizarea, stocarea, consultarea, prelucrarea, modificarea, selectarea, extragerea, compararea, utilizarea, interconectarea, blocarea, comunicarea, anularea \u0219i distrugerea datelor. Datele cu caracter personal fac obiectul at\u00e2t al prelucr\u0103rii pe suport de h\u00e2rtie, c\u00e2t \u0219i al prelucr\u0103rii electronice \u0219i\/sau automatizate. Nu exist\u0103 procese decizionale automatizate referitoare la persoanele fizice.<\/p>\n\n\n\n<h2 class=\"wp-block-heading\">5. P\u0103strarea datelor<\/h2>\n\n\n\n<p>C\u00e2t timp sunt stocate datele?<\/p>\n\n\n\n<p>Datele cu caracter personal colectate \u00een scopurile prev\u0103zute \u00een prezenta not\u0103 de informare vor fi p\u0103strate pentru perioada strict necesar\u0103 pentru atingerea scopurilor pentru care au fost colectate \u0219i \u00een conformitate cu reglement\u0103rile relevante \u00een vigoare.<\/p>\n\n\n\n<p>\u00cen scopul men\u021bionat la punctul 2 lit. b), datele dumneavoastr\u0103 cu caracter personal vor fi p\u0103strate din momentul primirii lor pentru o perioad\u0103 maxim\u0103 de 24 de luni pentru gestionarea candidaturii (cu excep\u021bia cazului \u00een care legea prevede perioade mai lungi). \u00cen cazul \u00een care se stabile\u0219te o rela\u021bie de munc\u0103 cu dumneavoastr\u0103, datele dumneavoastr\u0103 cu caracter personal vor fi p\u0103strate, de la primirea lor, pentru perioada indicat\u0103 \u00een informa\u021biile care v-au fost furnizate \u00eenainte de stabilirea rela\u021biei men\u021bionate anterior.<\/p>\n\n\n\n<p>Dup\u0103 expirarea perioadei de p\u0103strare, datele vor fi \u0219terse sau transformate \u00een date anonime.<\/p>\n\n\n\n<h2 class=\"wp-block-heading\">6. Accesul la date \u0219i comunicarea datelor<\/h2>\n\n\n\n<p>Cine poate avea acces la date?<\/p>\n\n\n\n<p>Datele dvs. cu caracter personal pot fi accesate de: i) angaja\u021bii \u0219i\/sau colaboratorii Operatorului de date \u00een calitate de persoane autorizate \u0219i\/sau administratori de sistem; ii) furnizorii de servicii care desf\u0103\u0219oar\u0103 activit\u0103\u021bi \u00een regim de externalizare \u00een numele Operatorului de date \u00een calitate de procesatori externi de date \u0219i\/sau subprocesatori care desf\u0103\u0219oar\u0103 activit\u0103\u021bi conexe, instrumentale sau de sus\u021binere a celor ale Operatorului de date, de exemplu: gestionarea \u0219i \u00eentre\u021binerea con\u021binutului site-ului web, servicii de asisten\u021b\u0103 pentru clien\u021bi, servicii de asisten\u021b\u0103 pentru clien\u021bi etc.; iii) alte societ\u0103\u021bi din grupul Nethex (Nethex Care S.p.A, Nethex Digital Sales S.r.l., Nethex S.p.A.).<\/p>\n\n\n\n<p>Lista complet\u0103 a procesatorilor de date este disponibil\u0103 la adresele indicate la punctul 9.<\/p>\n\n\n\n<p>De asemenea, Proprietarul poate comunica datele Utilizatorului unor ter\u021be p\u0103r\u021bi (Organisme publice, For\u021be de poli\u021bie sau alte subiecte publice \u0219i private), exclusiv \u00een scopul \u00eendeplinirii obliga\u021biilor contractuale, legale \u0219i\/sau ale legisla\u021biei UE.<\/p>\n\n\n\n<h2 class=\"wp-block-heading\">7. Transferul de date<\/h2>\n\n\n\n<p>Unde pot fi transferate datele?<\/p>\n\n\n\n<p>Nu exist\u0103 transferuri de date c\u0103tre \u021b\u0103ri din afara UE sau c\u0103tre organiza\u021bii interna\u021bionale. \u00cen cazul \u00een care au loc astfel de transferuri, pentru a proteja datele Utilizatorului, Operatorul de date va adopta m\u0103surile de protec\u021bie corespunz\u0103toare prev\u0103zute \u00een GDPR, inclusiv deciziile de adecvare \u0219i clauzele contractuale standard aprobate de Comisia European\u0103.<\/p>\n\n\n\n<h2 class=\"wp-block-heading\">8. Drepturile persoanei vizate<\/h2>\n\n\n\n<p>Care sunt drepturile persoanei vizate?<\/p>\n\n\n\n<p>\u00cen calitate de persoan\u0103 vizat\u0103, v\u0103 pute\u021bi exercita drepturile \u00een temeiul articolelor 15-21 din GDPR \u0219i, \u00een special:<\/p>\n\n\n\n<p>&#8211; Dreptul de acces (art. 15 din RGPD);<\/p>\n\n\n\n<p>&#8211; Dreptul la rectificare (art. 16 GDPR);<\/p>\n\n\n\n<p>&#8211; Dreptul la \u0219tergere (art. 17 GDPR);<\/p>\n\n\n\n<p>&#8211; Dreptul la restric\u021bionarea prelucr\u0103rii (art. 18 GDPR);<\/p>\n\n\n\n<p>&#8211; Dreptul la portabilitate (art. 20 GDPR);<\/p>\n\n\n\n<p>&#8211; Dreptul la opozi\u021bie (art. 21 GDPR).<\/p>\n\n\n\n<p>Pentru toate cazurile men\u021bionate mai sus, dac\u0103 este necesar, Nethex va informa p\u0103r\u021bile ter\u021be c\u0103rora le sunt comunicate datele cu caracter personal cu privire la posibila exercitare a drepturilor dumneavoastr\u0103, cu excep\u021bia unor cazuri specifice (de exemplu, atunci c\u00e2nd o astfel de \u00eendeplinire se dovede\u0219te imposibil\u0103 sau implic\u0103 utilizarea unor mijloace v\u0103dit dispropor\u021bionate fa\u021b\u0103 de dreptul protejat).<\/p>\n\n\n\n<h2 class=\"wp-block-heading\">9. Cum s\u0103 v\u0103 exercita\u021bi drepturile<\/h2>\n\n\n\n<p>Cum pot fi exercitate drepturile indicate la punctul anterior?<\/p>\n\n\n\n<p>Pute\u021bi, \u00een orice moment, s\u0103 v\u0103 exercita\u021bi drepturile men\u021bionate la punctul anterior, trimi\u021b\u00e2nd o cerere c\u0103tre operatorul de date la adresa&nbsp;nethexcaresrl@legalmail.it, sau prin contactarea RPD desemnat la adresa rpd@sgsolution.eu.<\/p>\n\n\n\n<p>De asemenea, ave\u021bi dreptul de a depune o pl\u00e2ngere la Garante per la Protezione dei Dati Personali (<strong>www.garanteprivacy.it<\/strong>) \u00een ceea ce prive\u0219te opera\u021biunile de prelucrare men\u021bionate \u00een prezentul aviz.<\/p>\n\n\n\n<p><\/p>\n\n\n\n<p class=\"has-small-font-size\"><em>Ultima actualizare: 29 martie 2023<\/em><\/p>\n","protected":false},"excerpt":{"rendered":"<p>Nethex Care S.R.L. (CF \u0219i 47436465), cu sediul \u00een jude\u021bul Bac\u0103u, strada Pictor Theodor Aman, nr. 90\/A, municipiul Bac\u0103u, (\u00een continuare, &#8222;Nethex&#8221; sau &#8222;Operatorul de date&#8221;), \u00een calitate de Operator de date, v\u0103 informeaz\u0103, \u00een conformitate cu prevederile art. 13 din Regulamentul European 2016\/679 (GDPR), cu privire la scopurile \u0219i modalit\u0103\u021bile de prelucrare a datelor [&hellip;]<\/p>\n","protected":false},"author":1,"featured_media":0,"parent":0,"menu_order":0,"comment_status":"closed","ping_status":"closed","template":"page.php","meta":{"footnotes":""},"class_list":["post-3","page","type-page","status-publish","hentry"],"yoast_head":"<!-- This site is optimized with the Yoast SEO plugin v27.1.1 - https:\/\/yoast.com\/product\/yoast-seo-wordpress\/ -->\n<title>Politica de confidentialitate - Nethex Care<\/title>\n<meta name=\"robots\" content=\"index, follow, max-snippet:-1, max-image-preview:large, max-video-preview:-1\" \/>\n<link rel=\"canonical\" href=\"https:\/\/www.nethexcare.ro\/ro\/privacy-policy\/\" \/>\n<meta property=\"og:locale\" content=\"ro_RO\" \/>\n<meta property=\"og:type\" content=\"article\" \/>\n<meta property=\"og:title\" content=\"Politica de confidentialitate - Nethex Care\" \/>\n<meta property=\"og:description\" content=\"Nethex Care S.R.L. (CF \u0219i 47436465), cu sediul \u00een jude\u021bul Bac\u0103u, strada Pictor Theodor Aman, nr. 90\/A, municipiul Bac\u0103u, (\u00een continuare, &#8222;Nethex&#8221; sau &#8222;Operatorul de date&#8221;), \u00een calitate de Operator de date, v\u0103 informeaz\u0103, \u00een conformitate cu prevederile art. 13 din Regulamentul European 2016\/679 (GDPR), cu privire la scopurile \u0219i modalit\u0103\u021bile de prelucrare a datelor [&hellip;]\" \/>\n<meta property=\"og:url\" content=\"https:\/\/www.nethexcare.ro\/ro\/privacy-policy\/\" \/>\n<meta property=\"og:site_name\" content=\"Nethex Care\" \/>\n<meta property=\"article:publisher\" content=\"https:\/\/www.facebook.com\/Nethex-Care-113405408285990\/\" \/>\n<meta property=\"article:modified_time\" content=\"2023-04-05T06:47:08+00:00\" \/>\n<meta name=\"twitter:card\" content=\"summary_large_image\" \/>\n<meta name=\"twitter:label1\" content=\"Timp estimat pentru citire\" \/>\n\t<meta name=\"twitter:data1\" content=\"6 minute\" \/>\n<script type=\"application\/ld+json\" class=\"yoast-schema-graph\">{\"@context\":\"https:\/\/schema.org\",\"@graph\":[{\"@type\":\"WebPage\",\"@id\":\"https:\/\/www.nethexcare.ro\/ro\/privacy-policy\/\",\"url\":\"https:\/\/www.nethexcare.ro\/ro\/privacy-policy\/\",\"name\":\"Politica de confidentialitate - Nethex Care\",\"isPartOf\":{\"@id\":\"https:\/\/www.nethexcare.ro\/#website\"},\"datePublished\":\"2022-12-27T08:21:16+00:00\",\"dateModified\":\"2023-04-05T06:47:08+00:00\",\"breadcrumb\":{\"@id\":\"https:\/\/www.nethexcare.ro\/ro\/privacy-policy\/#breadcrumb\"},\"inLanguage\":\"ro-RO\",\"potentialAction\":[{\"@type\":\"ReadAction\",\"target\":[\"https:\/\/www.nethexcare.ro\/ro\/privacy-policy\/\"]}]},{\"@type\":\"BreadcrumbList\",\"@id\":\"https:\/\/www.nethexcare.ro\/ro\/privacy-policy\/#breadcrumb\",\"itemListElement\":[{\"@type\":\"ListItem\",\"position\":1,\"name\":\"Home\",\"item\":\"https:\/\/www.nethexcare.ro\/ro\/\"},{\"@type\":\"ListItem\",\"position\":2,\"name\":\"Politica de confidentialitate\"}]},{\"@type\":\"WebSite\",\"@id\":\"https:\/\/www.nethexcare.ro\/#website\",\"url\":\"https:\/\/www.nethexcare.ro\/\",\"name\":\"Nethex Care\",\"description\":\"\",\"potentialAction\":[{\"@type\":\"SearchAction\",\"target\":{\"@type\":\"EntryPoint\",\"urlTemplate\":\"https:\/\/www.nethexcare.ro\/?s={search_term_string}\"},\"query-input\":{\"@type\":\"PropertyValueSpecification\",\"valueRequired\":true,\"valueName\":\"search_term_string\"}}],\"inLanguage\":\"ro-RO\"}]}<\/script>\n<!-- \/ Yoast SEO plugin. -->","yoast_head_json":{"title":"Politica de confidentialitate - Nethex Care","robots":{"index":"index","follow":"follow","max-snippet":"max-snippet:-1","max-image-preview":"max-image-preview:large","max-video-preview":"max-video-preview:-1"},"canonical":"https:\/\/www.nethexcare.ro\/ro\/privacy-policy\/","og_locale":"ro_RO","og_type":"article","og_title":"Politica de confidentialitate - Nethex Care","og_description":"Nethex Care S.R.L. (CF \u0219i 47436465), cu sediul \u00een jude\u021bul Bac\u0103u, strada Pictor Theodor Aman, nr. 90\/A, municipiul Bac\u0103u, (\u00een continuare, &#8222;Nethex&#8221; sau &#8222;Operatorul de date&#8221;), \u00een calitate de Operator de date, v\u0103 informeaz\u0103, \u00een conformitate cu prevederile art. 13 din Regulamentul European 2016\/679 (GDPR), cu privire la scopurile \u0219i modalit\u0103\u021bile de prelucrare a datelor [&hellip;]","og_url":"https:\/\/www.nethexcare.ro\/ro\/privacy-policy\/","og_site_name":"Nethex Care","article_publisher":"https:\/\/www.facebook.com\/Nethex-Care-113405408285990\/","article_modified_time":"2023-04-05T06:47:08+00:00","twitter_card":"summary_large_image","twitter_misc":{"Timp estimat pentru citire":"6 minute"},"schema":{"@context":"https:\/\/schema.org","@graph":[{"@type":"WebPage","@id":"https:\/\/www.nethexcare.ro\/ro\/privacy-policy\/","url":"https:\/\/www.nethexcare.ro\/ro\/privacy-policy\/","name":"Politica de confidentialitate - Nethex Care","isPartOf":{"@id":"https:\/\/www.nethexcare.ro\/#website"},"datePublished":"2022-12-27T08:21:16+00:00","dateModified":"2023-04-05T06:47:08+00:00","breadcrumb":{"@id":"https:\/\/www.nethexcare.ro\/ro\/privacy-policy\/#breadcrumb"},"inLanguage":"ro-RO","potentialAction":[{"@type":"ReadAction","target":["https:\/\/www.nethexcare.ro\/ro\/privacy-policy\/"]}]},{"@type":"BreadcrumbList","@id":"https:\/\/www.nethexcare.ro\/ro\/privacy-policy\/#breadcrumb","itemListElement":[{"@type":"ListItem","position":1,"name":"Home","item":"https:\/\/www.nethexcare.ro\/ro\/"},{"@type":"ListItem","position":2,"name":"Politica de confidentialitate"}]},{"@type":"WebSite","@id":"https:\/\/www.nethexcare.ro\/#website","url":"https:\/\/www.nethexcare.ro\/","name":"Nethex Care","description":"","potentialAction":[{"@type":"SearchAction","target":{"@type":"EntryPoint","urlTemplate":"https:\/\/www.nethexcare.ro\/?s={search_term_string}"},"query-input":{"@type":"PropertyValueSpecification","valueRequired":true,"valueName":"search_term_string"}}],"inLanguage":"ro-RO"}]}},"_links":{"self":[{"href":"https:\/\/www.nethexcare.ro\/ro\/wp-json\/wp\/v2\/pages\/3","targetHints":{"allow":["GET"]}}],"collection":[{"href":"https:\/\/www.nethexcare.ro\/ro\/wp-json\/wp\/v2\/pages"}],"about":[{"href":"https:\/\/www.nethexcare.ro\/ro\/wp-json\/wp\/v2\/types\/page"}],"author":[{"embeddable":true,"href":"https:\/\/www.nethexcare.ro\/ro\/wp-json\/wp\/v2\/users\/1"}],"replies":[{"embeddable":true,"href":"https:\/\/www.nethexcare.ro\/ro\/wp-json\/wp\/v2\/comments?post=3"}],"version-history":[{"count":9,"href":"https:\/\/www.nethexcare.ro\/ro\/wp-json\/wp\/v2\/pages\/3\/revisions"}],"predecessor-version":[{"id":120,"href":"https:\/\/www.nethexcare.ro\/ro\/wp-json\/wp\/v2\/pages\/3\/revisions\/120"}],"wp:attachment":[{"href":"https:\/\/www.nethexcare.ro\/ro\/wp-json\/wp\/v2\/media?parent=3"}],"curies":[{"name":"wp","href":"https:\/\/api.w.org\/{rel}","templated":true}]}}